{"id":8,"date":"2022-12-18T14:55:36","date_gmt":"2022-12-18T19:55:36","guid":{"rendered":"https:\/\/airrhh.com\/?page_id=8"},"modified":"2023-02-08T22:02:33","modified_gmt":"2023-02-09T03:02:33","slug":"quienes-somos","status":"publish","type":"page","link":"https:\/\/airrhh.com\/es\/quienes-somos\/","title":{"rendered":"Qui\u00e9nes somos"},"content":{"rendered":"\n\n\t<section class=\"top-content\">\n\t\t<div class=\"ch-slides\" data-slick='{\"arrows\":false, \"autoplay\": true, \"autoplaySpeed\": 4000, \"speed\": 500, \"fade\": true, \"accessibility\": false}'>\n\t\t\t\t\t\t\t\t<div class=\"slide\">\n\t\t\t\t\t\t<figure class=\"image-fit__wrapper\">\n\t\t\t\t\t\t\t<img decoding=\"async\" class=\"\" src=\"https:\/\/airrhh.com\/wp-content\/uploads\/2023\/01\/MG_1962-1.jpg\" alt=\"\">\t\t\t\t\t\t<\/figure>\n\t\t\t\t\t\t<div class=\"slide__caption\"><\/div>\n\t\t\t\t\t<\/div>\n\t\t\t\t\t<\/div>\n\t\t<div class=\"top-content__uvp flex-layout justify-center align-items-center\">\n\t\t\t<div class=\"container\">\n\t\t\t\t<h1 class=\"main-title animated\"><strong>Con\u00f3zcanos<\/strong><\/h1>\n\t\t\t\t<!-- <h2><\/h2>\n\t\t\t\t -->\n\t\t\t<\/div>\n\t\t<\/div>\n\t\t\t\t\t<div class=\"mouse_scroll\">\n\t\t\t\t<div>\n\t\t\t\t\t<span class=\"m_scroll_arrows unu\"><\/span>\n\t\t\t\t\t<span class=\"m_scroll_arrows doi\"><\/span>\n\t\t\t\t\t<span class=\"m_scroll_arrows trei\"><\/span>\n\t\t\t\t<\/div>\n\t\t\t<\/div>\n\t\t\t<!-- <div class=\"top-content__line animate-fade\"> -->\n\t\t\t<!--\n\t\t\t<span class=\"animated\">Explore<\/span>\n\t\t\t-->\n\t\t\t<\/div>\n\t\t\t<\/section>\n\n\n\n\n\n\n\t<section class=\"intro-content intro-content--1\">\n\t\t<div class=\"container flex-layout align-items-center justify-between\">\n\t\t\t<div class=\"intro-content__text animate-fade left\">\n\t\t\t\t<h3><\/h3>\n\t\t\t\t<h2>QUIENES <br> <strong>SOMOS<\/strong><\/h2>\n\t\t\t\t<p>Somos empresa espa\u00f1ola con m\u00e1s de 8 a\u00f1os de experiencia en el mercado internacional. Contamos con un equipo de profesionales (consultores, reclutadores, analistas, laboralistas, fiscalistas&#8230;) con presencia en Espa\u00f1a y Colombia, lo que nos permite ofrecer un servicio completo tanto a empresas, como a candidatos.<\/p>\n<p>Realizamos una gesti\u00f3n integral de todo el proceso. B\u00fasqueda de perfiles, selecci\u00f3n y ayudamos en la tramitaci\u00f3n de permisos.<\/p>\n<p>En AIRrhh situamos a las personas en el centro de la gesti\u00f3n. Es un convencimiento y compromiso irrenunciable con nosotros mismos y con las empresas con las que trabajamos.<\/p>\n<p>Por este motivo, nos aseguramos de establecer alianzas y acuerdos de colaboraci\u00f3n con compa\u00f1\u00edas que comparten nuestros valores y c\u00f3digo \u00e9tico, favoreciendo el respeto a la diversidad e inclusi\u00f3n.<\/p>\n\n\n\t\t\t\t<!--  -->\n\n\t\t\t\t\t\t\t\t\t<a class=\"btn\" target=\"_self\" href=\"https:\/\/airrhh.com\/contacto\/\">Quiere saber m\u00e1s&#8230; escr\u00edbanos<\/a>\n\t\t\t\t\n\t\t\t\t<div style=\"margin-top: 30px\">\n<a class=\"btn--arrow\" href=\"https:\/\/airrhh.com\/que-hacemos\/\"><span>Que<\/span> hacemos<\/a>\u00a0<a class=\"btn--arrow\" href=\"https:\/\/airrhh.com\/equipo\/\" style=\"margin-left: 32px\">Equipo<\/a>\n<\/div>\n\n\n\t\t\t<\/div>\n\n\t\t\t<div class=\"intro-content__image\">\n\t\t\t\t<div class=\"intro-content__image-large image-fit__wrapper\">\n\t\t\t\t\t<img decoding=\"async\" class=\"\" src=\"https:\/\/airrhh.com\/wp-content\/uploads\/2023\/02\/madrid.jpg\" alt=\"\">\t\t\t\t\t<!--<img decoding=\"async\" src=\"https:\/\/airrhh.com\/wp-content\/uploads\/2023\/02\/madrid.jpg\" alt=\"\">-->\n\t\t\t\t<\/div>\n\t\t\t\t<div class=\"intro-content__image-small image-fit__wrapper\">\n\t\t\t\t\t<img decoding=\"async\" class=\"\" src=\"https:\/\/airrhh.com\/wp-content\/uploads\/2023\/01\/MG_1990-1.jpg\" alt=\"\">\t\t\t\t\t<!--<img decoding=\"async\" src=\"https:\/\/airrhh.com\/wp-content\/uploads\/2023\/01\/MG_1990-1.jpg\" alt=\"\">-->\n\t\t\t\t<\/div>\n\t\t\t<\/div>\n\t\t<\/div>\n\t<\/section>\n\n\n\n","protected":false},"excerpt":{"rendered":"","protected":false},"author":1,"featured_media":0,"parent":0,"menu_order":0,"comment_status":"closed","ping_status":"closed","template":"","meta":{"footnotes":""},"translation":{"provider":"WPGlobus","version":"2.12.2","language":"es","enabled_languages":["en","es"],"languages":{"en":{"title":true,"content":true,"excerpt":false},"es":{"title":false,"content":false,"excerpt":false}}},"acf":[],"yoast_head":"<!-- This site is optimized with the Yoast SEO plugin v21.4 - https:\/\/yoast.com\/wordpress\/plugins\/seo\/ -->\n<title>Qui\u00e9nes somos | AIRrhh<\/title>\n<meta name=\"robots\" content=\"index, follow, max-snippet:-1, max-image-preview:large, max-video-preview:-1\" \/>\n<link rel=\"canonical\" href=\"https:\/\/airrhh.com\/quienes-somos\/\" \/>\n<meta property=\"og:locale\" content=\"es_ES\" \/>\n<meta property=\"og:type\" content=\"article\" \/>\n<meta property=\"og:title\" content=\"Qui\u00e9nes somos | AIRrhh\" \/>\n<meta property=\"og:url\" content=\"https:\/\/airrhh.com\/quienes-somos\/\" \/>\n<meta property=\"og:site_name\" content=\"AIRrhh\" \/>\n<meta property=\"article:modified_time\" content=\"2023-02-09T03:02:33+00:00\" \/>\n<meta name=\"twitter:card\" content=\"summary_large_image\" \/>\n<script type=\"application\/ld+json\" class=\"yoast-schema-graph\">{\"@context\":\"https:\/\/schema.org\",\"@graph\":[{\"@type\":\"WebPage\",\"@id\":\"https:\/\/airrhh.com\/quienes-somos\/\",\"url\":\"https:\/\/airrhh.com\/quienes-somos\/\",\"name\":\"Qui\u00e9nes somos | AIRrhh\",\"isPartOf\":{\"@id\":\"https:\/\/airrhh.com\/#website\"},\"datePublished\":\"2022-12-18T19:55:36+00:00\",\"dateModified\":\"2023-02-09T03:02:33+00:00\",\"breadcrumb\":{\"@id\":\"https:\/\/airrhh.com\/quienes-somos\/#breadcrumb\"},\"inLanguage\":\"es\",\"potentialAction\":[{\"@type\":\"ReadAction\",\"target\":[\"https:\/\/airrhh.com\/quienes-somos\/\"]}]},{\"@type\":\"BreadcrumbList\",\"@id\":\"https:\/\/airrhh.com\/quienes-somos\/#breadcrumb\",\"itemListElement\":[{\"@type\":\"ListItem\",\"position\":1,\"name\":\"Inicio\",\"item\":\"https:\/\/airrhh.com\/\"},{\"@type\":\"ListItem\",\"position\":2,\"name\":\"Qui\u00e9nes somos\"}]},{\"@type\":\"WebSite\",\"@id\":\"https:\/\/airrhh.com\/#website\",\"url\":\"https:\/\/airrhh.com\/\",\"name\":\"AIRrhh\",\"description\":\"Agencia Internacional de Recursos Humanos\",\"potentialAction\":[{\"@type\":\"SearchAction\",\"target\":{\"@type\":\"EntryPoint\",\"urlTemplate\":\"https:\/\/airrhh.com\/?s={search_term_string}\"},\"query-input\":\"required name=search_term_string\"}],\"inLanguage\":\"es\"}]}<\/script>\n<!-- \/ Yoast SEO plugin. -->","yoast_head_json":{"title":"Qui\u00e9nes somos | AIRrhh","robots":{"index":"index","follow":"follow","max-snippet":"max-snippet:-1","max-image-preview":"max-image-preview:large","max-video-preview":"max-video-preview:-1"},"canonical":"https:\/\/airrhh.com\/quienes-somos\/","og_locale":"es_ES","og_type":"article","og_title":"Qui\u00e9nes somos | AIRrhh","og_url":"https:\/\/airrhh.com\/quienes-somos\/","og_site_name":"AIRrhh","article_modified_time":"2023-02-09T03:02:33+00:00","twitter_card":"summary_large_image","schema":{"@context":"https:\/\/schema.org","@graph":[{"@type":"WebPage","@id":"https:\/\/airrhh.com\/quienes-somos\/","url":"https:\/\/airrhh.com\/quienes-somos\/","name":"Qui\u00e9nes somos | AIRrhh","isPartOf":{"@id":"https:\/\/airrhh.com\/#website"},"datePublished":"2022-12-18T19:55:36+00:00","dateModified":"2023-02-09T03:02:33+00:00","breadcrumb":{"@id":"https:\/\/airrhh.com\/quienes-somos\/#breadcrumb"},"inLanguage":"es","potentialAction":[{"@type":"ReadAction","target":["https:\/\/airrhh.com\/quienes-somos\/"]}]},{"@type":"BreadcrumbList","@id":"https:\/\/airrhh.com\/quienes-somos\/#breadcrumb","itemListElement":[{"@type":"ListItem","position":1,"name":"Inicio","item":"https:\/\/airrhh.com\/"},{"@type":"ListItem","position":2,"name":"Qui\u00e9nes somos"}]},{"@type":"WebSite","@id":"https:\/\/airrhh.com\/#website","url":"https:\/\/airrhh.com\/","name":"AIRrhh","description":"Agencia Internacional de Recursos Humanos","potentialAction":[{"@type":"SearchAction","target":{"@type":"EntryPoint","urlTemplate":"https:\/\/airrhh.com\/?s={search_term_string}"},"query-input":"required name=search_term_string"}],"inLanguage":"es"}]}},"_links":{"self":[{"href":"https:\/\/airrhh.com\/es\/wp-json\/wp\/v2\/pages\/8"}],"collection":[{"href":"https:\/\/airrhh.com\/es\/wp-json\/wp\/v2\/pages"}],"about":[{"href":"https:\/\/airrhh.com\/es\/wp-json\/wp\/v2\/types\/page"}],"author":[{"embeddable":true,"href":"https:\/\/airrhh.com\/es\/wp-json\/wp\/v2\/users\/1"}],"replies":[{"embeddable":true,"href":"https:\/\/airrhh.com\/es\/wp-json\/wp\/v2\/comments?post=8"}],"version-history":[{"count":24,"href":"https:\/\/airrhh.com\/es\/wp-json\/wp\/v2\/pages\/8\/revisions"}],"predecessor-version":[{"id":301,"href":"https:\/\/airrhh.com\/es\/wp-json\/wp\/v2\/pages\/8\/revisions\/301"}],"wp:attachment":[{"href":"https:\/\/airrhh.com\/es\/wp-json\/wp\/v2\/media?parent=8"}],"curies":[{"name":"wp","href":"https:\/\/api.w.org\/{rel}","templated":true}]}}