{"id":6,"date":"2022-12-18T14:54:59","date_gmt":"2022-12-18T19:54:59","guid":{"rendered":"https:\/\/airrhh.com\/?page_id=6"},"modified":"2023-02-10T21:23:53","modified_gmt":"2023-02-11T02:23:53","slug":"inicio","status":"publish","type":"page","link":"https:\/\/airrhh.com\/es\/","title":{"rendered":"Inicio"},"content":{"rendered":"\n\n\t<section class=\"top-content\">\n\t\t<div class=\"ch-slides\" data-slick='{\"arrows\":false, \"autoplay\": true, \"autoplaySpeed\": 4000, \"speed\": 500, \"fade\": true, \"accessibility\": false}'>\n\t\t\t\t\t\t\t\t<div class=\"slide\">\n\t\t\t\t\t\t<figure class=\"image-fit__wrapper\">\n\t\t\t\t\t\t\t<img decoding=\"async\" class=\"\" src=\"https:\/\/airrhh.com\/wp-content\/uploads\/2023\/02\/MG_1954-1.jpg\" alt=\"\">\t\t\t\t\t\t<\/figure>\n\t\t\t\t\t\t<div class=\"slide__caption\"><\/div>\n\t\t\t\t\t<\/div>\n\t\t\t\t\t<\/div>\n\t\t<div class=\"top-content__uvp flex-layout justify-center align-items-center\">\n\t\t\t<div class=\"container\">\n\t\t\t\t<h1 class=\"main-title animated\">Trasladamos <br> el talento latinoamericano<br> <strong>A la empresa espa\u00f1ola<\/strong><\/h1>\n\t\t\t\t<!-- <h2><\/h2>\n\t\t\t\t -->\n\t\t\t<\/div>\n\t\t<\/div>\n\t\t\t\t\t<div class=\"mouse_scroll\">\n\t\t\t\t<div>\n\t\t\t\t\t<span class=\"m_scroll_arrows unu\"><\/span>\n\t\t\t\t\t<span class=\"m_scroll_arrows doi\"><\/span>\n\t\t\t\t\t<span class=\"m_scroll_arrows trei\"><\/span>\n\t\t\t\t<\/div>\n\t\t\t<\/div>\n\t\t\t<!-- <div class=\"top-content__line animate-fade\"> -->\n\t\t\t<!--\n\t\t\t<span class=\"animated\">Explore<\/span>\n\t\t\t-->\n\t\t\t<\/div>\n\t\t\t<\/section>\n\n\n\n\n\n\n\t<section class=\"intro-content intro-content--1\">\n\t\t<div class=\"container flex-layout align-items-center justify-between\">\n\t\t\t<div class=\"intro-content__text animate-fade left\">\n\t\t\t\t<h3><\/h3>\n\t\t\t\t<h2>EXPANDA FRONTERAS <br> <strong>NO PONGA L\u00cdMITES AL TALENTO<\/strong><\/h2>\n\t\t\t\t<p>Mas del 50% de las empresas espa\u00f1olas tienen problemas para encontrar personal y cubrir vacantes, tanto de alta como de menor cualificaci\u00f3n. Esta circunstancia supone un freno en el desarrollo y crecimiento de las compa\u00f1\u00edas, especialmente de las pymes.<\/p>\n<p>AIRrhh, empresa espa\u00f1ola de RRHH con experiencia en mercados internacionales, quiere ser su aliado en la tarea de buscar personal. Lo hacemos desde la experiencia de casi una d\u00e9cada creando v\u00ednculos s\u00f3lidos entre la empresa espa\u00f1ola y el talento latinoamericano.<\/p>\n<p>D\u00e9jelo en nuestras manos. Nos encargaremos de asesorarle en la b\u00fasqueda de perfiles, del reclutamiento y selecci\u00f3n, as\u00ed como de la tramitaci\u00f3n de permisos y visados.<\/p>\n<p><em>*Datos del estudio de Cepyme y Randstad 2023<\/em><\/p>\n\n\n\t\t\t\t<!--  -->\n\n\t\t\t\t\t\t\t\t\t<a class=\"btn\" target=\"_self\" href=\"https:\/\/airrhh.com\/contacto\/\">En qu\u00e9 podemos ayudarle<\/a>\n\t\t\t\t\n\t\t\t\t\n\n\t\t\t<\/div>\n\n\t\t\t<div class=\"intro-content__image\">\n\t\t\t\t<div class=\"intro-content__image-large image-fit__wrapper\">\n\t\t\t\t\t<img decoding=\"async\" class=\"\" src=\"https:\/\/airrhh.com\/wp-content\/uploads\/2022\/12\/intro-large-100.jpg\" alt=\"\">\t\t\t\t\t<!--<img decoding=\"async\" src=\"https:\/\/airrhh.com\/wp-content\/uploads\/2022\/12\/intro-large-100.jpg\" alt=\"\">-->\n\t\t\t\t<\/div>\n\t\t\t\t<div class=\"intro-content__image-small image-fit__wrapper\">\n\t\t\t\t\t<img decoding=\"async\" class=\"\" src=\"https:\/\/airrhh.com\/wp-content\/uploads\/2023\/02\/MG_2067-1.jpg\" alt=\"\">\t\t\t\t\t<!--<img decoding=\"async\" src=\"https:\/\/airrhh.com\/wp-content\/uploads\/2023\/02\/MG_2067-1.jpg\" alt=\"\">-->\n\t\t\t\t<\/div>\n\t\t\t<\/div>\n\t\t<\/div>\n\t<\/section>\n\n\n\n\n\n\n\n\n\n\t<section class=\"text-quad dark\">\n\n\t\t<div class=\"text-quad__inner\">\n\t\t\t<p>Brindamos el <strong>apoyo<\/strong> que necesita para atraer <strong>talento internacional<\/strong><\/p>\n\t\t<\/div>\n\n\t<\/section>\n\n\n\n\n\n\n\n\t<section class=\"columns-quads\">\n\t\t<div class=\"container\">\n\t\t\t<div class=\"columns-quads__slider\">\n\t\t\t\t\t\t\t\t\t\t<div class=\"columns-quads__col animate-fade top flip-col\">\n\t\t\t\t\t\t\t<a class=\"columns-quads__item animated flip-card\" target=\"_self\" href=\"https:\/\/airrhh.com\/quienes-somos\/\">\n\t\t\t\t\t\t\t\t<div class=\"flip-card--front flip-card__side lines-hover image-fit__wrapper\">\n\t\t\t\t\t\t\t\t\t<img data-src=\"https:\/\/airrhh.com\/wp-content\/uploads\/2023\/02\/EQUIPO.png\" alt=\"\">\n\t\t\t\t\t\t\t\t\t<h2><span>Con\u00f3zcanos<\/span><\/h2>\n\t\t\t\t\t\t\t\t<\/div>\n\t\t\t\t\t\t\t<\/a>\n\t\t\t\t\t\t<\/div>\n\t\t\t\t\t\t\t\t\t\t<div class=\"columns-quads__col animate-fade top flip-col\">\n\t\t\t\t\t\t\t<a class=\"columns-quads__item animated flip-card\" target=\"_self\" href=\"https:\/\/airrhh.com\/empresas\/\">\n\t\t\t\t\t\t\t\t<div class=\"flip-card--front flip-card__side lines-hover image-fit__wrapper\">\n\t\t\t\t\t\t\t\t\t<img data-src=\"https:\/\/airrhh.com\/wp-content\/uploads\/2023\/02\/EMPRESAS.png\" alt=\"\">\n\t\t\t\t\t\t\t\t\t<h2><span>Empresas<\/span><\/h2>\n\t\t\t\t\t\t\t\t<\/div>\n\t\t\t\t\t\t\t<\/a>\n\t\t\t\t\t\t<\/div>\n\t\t\t\t\t\t\t\t\t\t<div class=\"columns-quads__col animate-fade top flip-col\">\n\t\t\t\t\t\t\t<a class=\"columns-quads__item animated flip-card\" target=\"_self\" href=\"https:\/\/airrhh.com\/personas\/\">\n\t\t\t\t\t\t\t\t<div class=\"flip-card--front flip-card__side lines-hover image-fit__wrapper\">\n\t\t\t\t\t\t\t\t\t<img data-src=\"https:\/\/airrhh.com\/wp-content\/uploads\/2023\/02\/PERSONAS.png\" alt=\"\">\n\t\t\t\t\t\t\t\t\t<h2><span>Personas<\/span><\/h2>\n\t\t\t\t\t\t\t\t<\/div>\n\t\t\t\t\t\t\t<\/a>\n\t\t\t\t\t\t<\/div>\n\t\t\t\t\t\t\t<\/div>\n\t\t<\/div>\n\t<\/section>\n\n\n\n","protected":false},"excerpt":{"rendered":"","protected":false},"author":1,"featured_media":0,"parent":0,"menu_order":0,"comment_status":"closed","ping_status":"closed","template":"","meta":{"footnotes":""},"translation":{"provider":"WPGlobus","version":"2.12.2","language":"es","enabled_languages":["en","es"],"languages":{"en":{"title":true,"content":true,"excerpt":false},"es":{"title":false,"content":false,"excerpt":false}}},"acf":[],"yoast_head":"<!-- This site is optimized with the Yoast SEO plugin v21.4 - https:\/\/yoast.com\/wordpress\/plugins\/seo\/ -->\n<title>AIRrhh | Agencia Internacional de Recursos Humanos<\/title>\n<meta name=\"robots\" content=\"index, follow, max-snippet:-1, max-image-preview:large, max-video-preview:-1\" \/>\n<link rel=\"canonical\" href=\"https:\/\/airrhh.com\/\" \/>\n<meta property=\"og:locale\" content=\"es_ES\" \/>\n<meta property=\"og:type\" content=\"article\" \/>\n<meta property=\"og:title\" content=\"Inicio | AIRrhh\" \/>\n<meta property=\"og:url\" content=\"https:\/\/airrhh.com\/\" \/>\n<meta property=\"og:site_name\" content=\"AIRrhh\" \/>\n<meta property=\"article:modified_time\" content=\"2023-02-11T02:23:53+00:00\" \/>\n<meta name=\"twitter:card\" content=\"summary_large_image\" \/>\n<script type=\"application\/ld+json\" class=\"yoast-schema-graph\">{\"@context\":\"https:\/\/schema.org\",\"@graph\":[{\"@type\":\"WebPage\",\"@id\":\"https:\/\/airrhh.com\/\",\"url\":\"https:\/\/airrhh.com\/\",\"name\":\"AIRrhh | Agencia Internacional de Recursos Humanos\",\"isPartOf\":{\"@id\":\"https:\/\/airrhh.com\/#website\"},\"datePublished\":\"2022-12-18T19:54:59+00:00\",\"dateModified\":\"2023-02-11T02:23:53+00:00\",\"breadcrumb\":{\"@id\":\"https:\/\/airrhh.com\/#breadcrumb\"},\"inLanguage\":\"es\",\"potentialAction\":[{\"@type\":\"ReadAction\",\"target\":[\"https:\/\/airrhh.com\/\"]}]},{\"@type\":\"BreadcrumbList\",\"@id\":\"https:\/\/airrhh.com\/#breadcrumb\",\"itemListElement\":[{\"@type\":\"ListItem\",\"position\":1,\"name\":\"Inicio\",\"item\":\"https:\/\/airrhh.com\/\"},{\"@type\":\"ListItem\",\"position\":2,\"name\":\"Inicio\"}]},{\"@type\":\"WebSite\",\"@id\":\"https:\/\/airrhh.com\/#website\",\"url\":\"https:\/\/airrhh.com\/\",\"name\":\"AIRrhh\",\"description\":\"Agencia Internacional de Recursos Humanos\",\"potentialAction\":[{\"@type\":\"SearchAction\",\"target\":{\"@type\":\"EntryPoint\",\"urlTemplate\":\"https:\/\/airrhh.com\/?s={search_term_string}\"},\"query-input\":\"required name=search_term_string\"}],\"inLanguage\":\"es\"}]}<\/script>\n<!-- \/ Yoast SEO plugin. -->","yoast_head_json":{"title":"AIRrhh | Agencia Internacional de Recursos Humanos","robots":{"index":"index","follow":"follow","max-snippet":"max-snippet:-1","max-image-preview":"max-image-preview:large","max-video-preview":"max-video-preview:-1"},"canonical":"https:\/\/airrhh.com\/","og_locale":"es_ES","og_type":"article","og_title":"Inicio | AIRrhh","og_url":"https:\/\/airrhh.com\/","og_site_name":"AIRrhh","article_modified_time":"2023-02-11T02:23:53+00:00","twitter_card":"summary_large_image","schema":{"@context":"https:\/\/schema.org","@graph":[{"@type":"WebPage","@id":"https:\/\/airrhh.com\/","url":"https:\/\/airrhh.com\/","name":"AIRrhh | Agencia Internacional de Recursos Humanos","isPartOf":{"@id":"https:\/\/airrhh.com\/#website"},"datePublished":"2022-12-18T19:54:59+00:00","dateModified":"2023-02-11T02:23:53+00:00","breadcrumb":{"@id":"https:\/\/airrhh.com\/#breadcrumb"},"inLanguage":"es","potentialAction":[{"@type":"ReadAction","target":["https:\/\/airrhh.com\/"]}]},{"@type":"BreadcrumbList","@id":"https:\/\/airrhh.com\/#breadcrumb","itemListElement":[{"@type":"ListItem","position":1,"name":"Inicio","item":"https:\/\/airrhh.com\/"},{"@type":"ListItem","position":2,"name":"Inicio"}]},{"@type":"WebSite","@id":"https:\/\/airrhh.com\/#website","url":"https:\/\/airrhh.com\/","name":"AIRrhh","description":"Agencia Internacional de Recursos Humanos","potentialAction":[{"@type":"SearchAction","target":{"@type":"EntryPoint","urlTemplate":"https:\/\/airrhh.com\/?s={search_term_string}"},"query-input":"required name=search_term_string"}],"inLanguage":"es"}]}},"_links":{"self":[{"href":"https:\/\/airrhh.com\/es\/wp-json\/wp\/v2\/pages\/6"}],"collection":[{"href":"https:\/\/airrhh.com\/es\/wp-json\/wp\/v2\/pages"}],"about":[{"href":"https:\/\/airrhh.com\/es\/wp-json\/wp\/v2\/types\/page"}],"author":[{"embeddable":true,"href":"https:\/\/airrhh.com\/es\/wp-json\/wp\/v2\/users\/1"}],"replies":[{"embeddable":true,"href":"https:\/\/airrhh.com\/es\/wp-json\/wp\/v2\/comments?post=6"}],"version-history":[{"count":62,"href":"https:\/\/airrhh.com\/es\/wp-json\/wp\/v2\/pages\/6\/revisions"}],"predecessor-version":[{"id":312,"href":"https:\/\/airrhh.com\/es\/wp-json\/wp\/v2\/pages\/6\/revisions\/312"}],"wp:attachment":[{"href":"https:\/\/airrhh.com\/es\/wp-json\/wp\/v2\/media?parent=6"}],"curies":[{"name":"wp","href":"https:\/\/api.w.org\/{rel}","templated":true}]}}