{"id":36,"date":"2022-12-19T02:49:46","date_gmt":"2022-12-19T07:49:46","guid":{"rendered":"https:\/\/airrhh.com\/?page_id=36"},"modified":"2023-10-12T16:56:31","modified_gmt":"2023-10-12T21:56:31","slug":"personas","status":"publish","type":"page","link":"https:\/\/airrhh.com\/es\/personas\/","title":{"rendered":"Personas"},"content":{"rendered":"\n\n\t<section class=\"top-content\">\n\t\t<div class=\"ch-slides\" data-slick='{\"arrows\":false, \"autoplay\": true, \"autoplaySpeed\": 4000, \"speed\": 500, \"fade\": true, \"accessibility\": false}'>\n\t\t\t\t\t\t\t\t<div class=\"slide\">\n\t\t\t\t\t\t<figure class=\"image-fit__wrapper\">\n\t\t\t\t\t\t\t<img decoding=\"async\" class=\"\" src=\"https:\/\/airrhh.com\/wp-content\/uploads\/2023\/02\/iStock-1285130425_SEPIA.jpg\" alt=\"\">\t\t\t\t\t\t<\/figure>\n\t\t\t\t\t\t<div class=\"slide__caption\"><\/div>\n\t\t\t\t\t<\/div>\n\t\t\t\t\t<\/div>\n\t\t<div class=\"top-content__uvp flex-layout justify-center align-items-center\">\n\t\t\t<div class=\"container\">\n\t\t\t\t<h1 class=\"main-title animated\"><strong>Personas<\/strong><\/h1>\n\t\t\t\t<!-- <h2><\/h2>\n\t\t\t\t -->\n\t\t\t<\/div>\n\t\t<\/div>\n\t\t\t\t\t<div class=\"mouse_scroll\">\n\t\t\t\t<div>\n\t\t\t\t\t<span class=\"m_scroll_arrows unu\"><\/span>\n\t\t\t\t\t<span class=\"m_scroll_arrows doi\"><\/span>\n\t\t\t\t\t<span class=\"m_scroll_arrows trei\"><\/span>\n\t\t\t\t<\/div>\n\t\t\t<\/div>\n\t\t\t<!-- <div class=\"top-content__line animate-fade\"> -->\n\t\t\t<!--\n\t\t\t<span class=\"animated\">Explore<\/span>\n\t\t\t-->\n\t\t\t<\/div>\n\t\t\t<\/section>\n\n\n\n\n\n\n\t<section class=\"intro-content intro-content--1\">\n\t\t<div class=\"container flex-layout align-items-center justify-between\">\n\t\t\t<div class=\"intro-content__text animate-fade left\">\n\t\t\t\t<h3><\/h3>\n\t\t\t\t<h2><strong>PERSONAS<\/strong><\/h2>\n\t\t\t\t<p><strong>Quiere trabajar en Espa\u00f1a, pero no sabe como hacer los tramites. Confi\u00e9 en nosotros.<\/strong><\/p>\n<p>Cu\u00e9ntenos su experiencia y nosotros le ayudaremos a encontrar trabajo en Espa\u00f1a. En AIRrhh, le acompa\u00f1aremos y asesoraremos durante todo el proceso. Sin costo presentaremos su candidatura a las empresas que busquen candidatos de su perfil y le asesoraremos en la tramitaci\u00f3n de permisos y visa de trabajo. Nos implicaremos al m\u00e1ximo para una \u00f3ptima integraci\u00f3n en la empresa.<\/p>\n<p>En Espa\u00f1a, se estima hay mas de un mill\u00f3n de empleos vacantes en sectores como la industria, la construcci\u00f3n, la hosteler\u00eda, la agricultura y las actividades sanitarias, puestos de trabajo sin cubrir que ofrecen miles de oportunidades. \u00a1No las deje escapar!<\/p>\n\n\n\t\t\t\t<!--  -->\n\n\t\t\t\t\t\t\t\t\t<a class=\"btn\" target=\"_self\" href=\"https:\/\/airrhh.com\/contacto?contact-step=step-1\">D\u00e9jenos su hoja de vida<\/a>\n\t\t\t\t\n\t\t\t\t\n\n\t\t\t<\/div>\n\n\t\t\t<div class=\"intro-content__image\">\n\t\t\t\t<div class=\"intro-content__image-large image-fit__wrapper\">\n\t\t\t\t\t<img decoding=\"async\" class=\"\" src=\"https:\/\/airrhh.com\/wp-content\/uploads\/2023\/02\/Shutterstock_1588752748.jpg\" alt=\"\">\t\t\t\t\t<!--<img decoding=\"async\" src=\"https:\/\/airrhh.com\/wp-content\/uploads\/2023\/02\/Shutterstock_1588752748.jpg\" alt=\"\">-->\n\t\t\t\t<\/div>\n\t\t\t\t<div class=\"intro-content__image-small image-fit__wrapper\">\n\t\t\t\t\t<img decoding=\"async\" class=\"\" src=\"https:\/\/airrhh.com\/wp-content\/uploads\/2023\/02\/Shutterstock_241321147.jpg\" alt=\"\">\t\t\t\t\t<!--<img decoding=\"async\" src=\"https:\/\/airrhh.com\/wp-content\/uploads\/2023\/02\/Shutterstock_241321147.jpg\" alt=\"\">-->\n\t\t\t\t<\/div>\n\t\t\t<\/div>\n\t\t<\/div>\n\t<\/section>\n\n\n\n","protected":false},"excerpt":{"rendered":"","protected":false},"author":1,"featured_media":0,"parent":0,"menu_order":0,"comment_status":"closed","ping_status":"closed","template":"","meta":{"footnotes":""},"translation":{"provider":"WPGlobus","version":"2.12.2","language":"es","enabled_languages":["en","es"],"languages":{"en":{"title":true,"content":true,"excerpt":false},"es":{"title":false,"content":false,"excerpt":false}}},"acf":[],"yoast_head":"<!-- This site is optimized with the Yoast SEO plugin v21.4 - https:\/\/yoast.com\/wordpress\/plugins\/seo\/ -->\n<title>Personas | AIRrhh<\/title>\n<meta name=\"robots\" content=\"index, follow, max-snippet:-1, max-image-preview:large, max-video-preview:-1\" \/>\n<link rel=\"canonical\" href=\"https:\/\/airrhh.com\/personas\/\" \/>\n<meta property=\"og:locale\" content=\"es_ES\" \/>\n<meta property=\"og:type\" content=\"article\" \/>\n<meta property=\"og:title\" content=\"Personas | AIRrhh\" \/>\n<meta property=\"og:url\" content=\"https:\/\/airrhh.com\/personas\/\" \/>\n<meta property=\"og:site_name\" content=\"AIRrhh\" \/>\n<meta property=\"article:modified_time\" content=\"2023-10-12T21:56:31+00:00\" \/>\n<meta name=\"twitter:card\" content=\"summary_large_image\" \/>\n<meta name=\"twitter:label1\" content=\"Tiempo de lectura\" \/>\n\t<meta name=\"twitter:data1\" content=\"1 minuto\" \/>\n<script type=\"application\/ld+json\" class=\"yoast-schema-graph\">{\"@context\":\"https:\/\/schema.org\",\"@graph\":[{\"@type\":\"WebPage\",\"@id\":\"https:\/\/airrhh.com\/personas\/\",\"url\":\"https:\/\/airrhh.com\/personas\/\",\"name\":\"Personas | AIRrhh\",\"isPartOf\":{\"@id\":\"https:\/\/airrhh.com\/#website\"},\"datePublished\":\"2022-12-19T07:49:46+00:00\",\"dateModified\":\"2023-10-12T21:56:31+00:00\",\"breadcrumb\":{\"@id\":\"https:\/\/airrhh.com\/personas\/#breadcrumb\"},\"inLanguage\":\"es\",\"potentialAction\":[{\"@type\":\"ReadAction\",\"target\":[\"https:\/\/airrhh.com\/personas\/\"]}]},{\"@type\":\"BreadcrumbList\",\"@id\":\"https:\/\/airrhh.com\/personas\/#breadcrumb\",\"itemListElement\":[{\"@type\":\"ListItem\",\"position\":1,\"name\":\"Inicio\",\"item\":\"https:\/\/airrhh.com\/\"},{\"@type\":\"ListItem\",\"position\":2,\"name\":\"Personas\"}]},{\"@type\":\"WebSite\",\"@id\":\"https:\/\/airrhh.com\/#website\",\"url\":\"https:\/\/airrhh.com\/\",\"name\":\"AIRrhh\",\"description\":\"Agencia Internacional de Recursos Humanos\",\"potentialAction\":[{\"@type\":\"SearchAction\",\"target\":{\"@type\":\"EntryPoint\",\"urlTemplate\":\"https:\/\/airrhh.com\/?s={search_term_string}\"},\"query-input\":\"required name=search_term_string\"}],\"inLanguage\":\"es\"}]}<\/script>\n<!-- \/ Yoast SEO plugin. -->","yoast_head_json":{"title":"Personas | AIRrhh","robots":{"index":"index","follow":"follow","max-snippet":"max-snippet:-1","max-image-preview":"max-image-preview:large","max-video-preview":"max-video-preview:-1"},"canonical":"https:\/\/airrhh.com\/personas\/","og_locale":"es_ES","og_type":"article","og_title":"Personas | AIRrhh","og_url":"https:\/\/airrhh.com\/personas\/","og_site_name":"AIRrhh","article_modified_time":"2023-10-12T21:56:31+00:00","twitter_card":"summary_large_image","twitter_misc":{"Tiempo de lectura":"1 minuto"},"schema":{"@context":"https:\/\/schema.org","@graph":[{"@type":"WebPage","@id":"https:\/\/airrhh.com\/personas\/","url":"https:\/\/airrhh.com\/personas\/","name":"Personas | AIRrhh","isPartOf":{"@id":"https:\/\/airrhh.com\/#website"},"datePublished":"2022-12-19T07:49:46+00:00","dateModified":"2023-10-12T21:56:31+00:00","breadcrumb":{"@id":"https:\/\/airrhh.com\/personas\/#breadcrumb"},"inLanguage":"es","potentialAction":[{"@type":"ReadAction","target":["https:\/\/airrhh.com\/personas\/"]}]},{"@type":"BreadcrumbList","@id":"https:\/\/airrhh.com\/personas\/#breadcrumb","itemListElement":[{"@type":"ListItem","position":1,"name":"Inicio","item":"https:\/\/airrhh.com\/"},{"@type":"ListItem","position":2,"name":"Personas"}]},{"@type":"WebSite","@id":"https:\/\/airrhh.com\/#website","url":"https:\/\/airrhh.com\/","name":"AIRrhh","description":"Agencia Internacional de Recursos Humanos","potentialAction":[{"@type":"SearchAction","target":{"@type":"EntryPoint","urlTemplate":"https:\/\/airrhh.com\/?s={search_term_string}"},"query-input":"required name=search_term_string"}],"inLanguage":"es"}]}},"_links":{"self":[{"href":"https:\/\/airrhh.com\/es\/wp-json\/wp\/v2\/pages\/36"}],"collection":[{"href":"https:\/\/airrhh.com\/es\/wp-json\/wp\/v2\/pages"}],"about":[{"href":"https:\/\/airrhh.com\/es\/wp-json\/wp\/v2\/types\/page"}],"author":[{"embeddable":true,"href":"https:\/\/airrhh.com\/es\/wp-json\/wp\/v2\/users\/1"}],"replies":[{"embeddable":true,"href":"https:\/\/airrhh.com\/es\/wp-json\/wp\/v2\/comments?post=36"}],"version-history":[{"count":21,"href":"https:\/\/airrhh.com\/es\/wp-json\/wp\/v2\/pages\/36\/revisions"}],"predecessor-version":[{"id":332,"href":"https:\/\/airrhh.com\/es\/wp-json\/wp\/v2\/pages\/36\/revisions\/332"}],"wp:attachment":[{"href":"https:\/\/airrhh.com\/es\/wp-json\/wp\/v2\/media?parent=36"}],"curies":[{"name":"wp","href":"https:\/\/api.w.org\/{rel}","templated":true}]}}