{"id":12,"date":"2022-12-18T14:56:02","date_gmt":"2022-12-18T19:56:02","guid":{"rendered":"https:\/\/airrhh.com\/?page_id=12"},"modified":"2024-10-22T18:43:59","modified_gmt":"2024-10-22T23:43:59","slug":"empresas","status":"publish","type":"page","link":"https:\/\/airrhh.com\/es\/empresas\/","title":{"rendered":"Empresas"},"content":{"rendered":"\n\n\t<section class=\"top-content\">\n\t\t<div class=\"ch-slides\" data-slick='{\"arrows\":false, \"autoplay\": true, \"autoplaySpeed\": 4000, \"speed\": 500, \"fade\": true, \"accessibility\": false}'>\n\t\t\t\t\t\t\t\t<div class=\"slide\">\n\t\t\t\t\t\t<figure class=\"image-fit__wrapper\">\n\t\t\t\t\t\t\t<img decoding=\"async\" class=\"\" src=\"https:\/\/airrhh.com\/wp-content\/uploads\/2023\/02\/iStock-453100565-1-1.jpg\" alt=\"\">\t\t\t\t\t\t<\/figure>\n\t\t\t\t\t\t<div class=\"slide__caption\"><\/div>\n\t\t\t\t\t<\/div>\n\t\t\t\t\t<\/div>\n\t\t<div class=\"top-content__uvp flex-layout justify-center align-items-center\">\n\t\t\t<div class=\"container\">\n\t\t\t\t<h1 class=\"main-title animated\"><strong>Empresas<\/strong><\/h1>\n\t\t\t\t<!-- <h2><\/h2>\n\t\t\t\t -->\n\t\t\t<\/div>\n\t\t<\/div>\n\t\t\t\t\t<div class=\"mouse_scroll\">\n\t\t\t\t<div>\n\t\t\t\t\t<span class=\"m_scroll_arrows unu\"><\/span>\n\t\t\t\t\t<span class=\"m_scroll_arrows doi\"><\/span>\n\t\t\t\t\t<span class=\"m_scroll_arrows trei\"><\/span>\n\t\t\t\t<\/div>\n\t\t\t<\/div>\n\t\t\t<!-- <div class=\"top-content__line animate-fade\"> -->\n\t\t\t<!--\n\t\t\t<span class=\"animated\">Explore<\/span>\n\t\t\t-->\n\t\t\t<\/div>\n\t\t\t<\/section>\n\n\n\n\n\n\n\t<section class=\"intro-content intro-content--1\">\n\t\t<div class=\"container flex-layout align-items-center justify-between\">\n\t\t\t<div class=\"intro-content__text animate-fade left\">\n\t\t\t\t<h3><\/h3>\n\t\t\t\t<h2>Empresas<\/h2>\n\t\t\t\t<p><strong>\u00bfBusca talento, profesionales, mano de obra cualificada y no cualificada y no la encuentra? Conf\u00ede en nosotros.<\/strong><\/p>\n<p>Tenemos las soluciones de RRHH que su empresa necesita, adaptadas a su tama\u00f1o, sector y momento de actividad. Si requiere candidatos en sectores como auditoria, IT, hosteler\u00eda, construcci\u00f3n, transportes o cualquier otro para cubrir sus vacantes en Espa\u00f1a, puede consultarnos, de forma f\u00e1cil y sencilla.<\/p>\n<p>Lo acompa\u00f1amos en todo el proceso, facilit\u00e1ndole el trabajo y ahorr\u00e1ndole tiempo. Creamos los perfiles, filtramos candidaturas, realizamos la preselecci\u00f3n y entrevistas previas, para que usted escoja al candidato \u00f3ptimo. Posteriormente nos encargamos de la consecuci\u00f3n de los permisos y visados.<\/p>\n<p><a class=\"btn\" href=\"https:\/\/airrhh.com\/contacto?contact-step=step-2\">\u00bfQue necesita?<\/a><\/p>\n<p>&nbsp;<\/p>\n<p>Si lo que su empresa necesita es la externalizaci\u00f3n de servicios o subcontrataci\u00f3n de procesos (BPO) tenemos la soluci\u00f3n. Quiere saber c\u00f3mo\u2026?<\/p>\n\n\n\t\t\t\t<!--  -->\n\n\t\t\t\t\n\t\t\t\t\n\n\t\t\t<\/div>\n\n\t\t\t<div class=\"intro-content__image\">\n\t\t\t\t<div class=\"intro-content__image-large image-fit__wrapper\">\n\t\t\t\t\t<img decoding=\"async\" class=\"\" src=\"https:\/\/airrhh.com\/wp-content\/uploads\/2023\/02\/iStock-1019732020-1-1.jpg\" alt=\"\">\t\t\t\t\t<!--<img decoding=\"async\" src=\"https:\/\/airrhh.com\/wp-content\/uploads\/2023\/02\/iStock-1019732020-1-1.jpg\" alt=\"\">-->\n\t\t\t\t<\/div>\n\t\t\t\t<div class=\"intro-content__image-small image-fit__wrapper\">\n\t\t\t\t\t<img decoding=\"async\" class=\"\" src=\"https:\/\/airrhh.com\/wp-content\/uploads\/2023\/02\/madrid2.jpg\" alt=\"\">\t\t\t\t\t<!--<img decoding=\"async\" src=\"https:\/\/airrhh.com\/wp-content\/uploads\/2023\/02\/madrid2.jpg\" alt=\"\">-->\n\t\t\t\t<\/div>\n\t\t\t<\/div>\n\t\t<\/div>\n\t<\/section>\n\n\n\n","protected":false},"excerpt":{"rendered":"","protected":false},"author":1,"featured_media":0,"parent":0,"menu_order":0,"comment_status":"closed","ping_status":"closed","template":"","meta":{"footnotes":""},"translation":{"provider":"WPGlobus","version":"2.12.2","language":"es","enabled_languages":["en","es"],"languages":{"en":{"title":true,"content":true,"excerpt":false},"es":{"title":false,"content":false,"excerpt":false}}},"acf":[],"yoast_head":"<!-- This site is optimized with the Yoast SEO plugin v21.4 - https:\/\/yoast.com\/wordpress\/plugins\/seo\/ -->\n<title>Empresas | AIRrhh<\/title>\n<meta name=\"robots\" content=\"index, follow, max-snippet:-1, max-image-preview:large, max-video-preview:-1\" \/>\n<link rel=\"canonical\" href=\"https:\/\/airrhh.com\/empresas\/\" \/>\n<meta property=\"og:locale\" content=\"es_ES\" \/>\n<meta property=\"og:type\" content=\"article\" \/>\n<meta property=\"og:title\" content=\"Empresas | AIRrhh\" \/>\n<meta property=\"og:url\" content=\"https:\/\/airrhh.com\/empresas\/\" \/>\n<meta property=\"og:site_name\" content=\"AIRrhh\" \/>\n<meta property=\"article:modified_time\" content=\"2024-10-22T23:43:59+00:00\" \/>\n<meta name=\"twitter:card\" content=\"summary_large_image\" \/>\n<script type=\"application\/ld+json\" class=\"yoast-schema-graph\">{\"@context\":\"https:\/\/schema.org\",\"@graph\":[{\"@type\":\"WebPage\",\"@id\":\"https:\/\/airrhh.com\/empresas\/\",\"url\":\"https:\/\/airrhh.com\/empresas\/\",\"name\":\"Empresas | AIRrhh\",\"isPartOf\":{\"@id\":\"https:\/\/airrhh.com\/#website\"},\"datePublished\":\"2022-12-18T19:56:02+00:00\",\"dateModified\":\"2024-10-22T23:43:59+00:00\",\"breadcrumb\":{\"@id\":\"https:\/\/airrhh.com\/empresas\/#breadcrumb\"},\"inLanguage\":\"es\",\"potentialAction\":[{\"@type\":\"ReadAction\",\"target\":[\"https:\/\/airrhh.com\/empresas\/\"]}]},{\"@type\":\"BreadcrumbList\",\"@id\":\"https:\/\/airrhh.com\/empresas\/#breadcrumb\",\"itemListElement\":[{\"@type\":\"ListItem\",\"position\":1,\"name\":\"Inicio\",\"item\":\"https:\/\/airrhh.com\/\"},{\"@type\":\"ListItem\",\"position\":2,\"name\":\"Empresas\"}]},{\"@type\":\"WebSite\",\"@id\":\"https:\/\/airrhh.com\/#website\",\"url\":\"https:\/\/airrhh.com\/\",\"name\":\"AIRrhh\",\"description\":\"Agencia Internacional de Recursos Humanos\",\"potentialAction\":[{\"@type\":\"SearchAction\",\"target\":{\"@type\":\"EntryPoint\",\"urlTemplate\":\"https:\/\/airrhh.com\/?s={search_term_string}\"},\"query-input\":\"required name=search_term_string\"}],\"inLanguage\":\"es\"}]}<\/script>\n<!-- \/ Yoast SEO plugin. -->","yoast_head_json":{"title":"Empresas | AIRrhh","robots":{"index":"index","follow":"follow","max-snippet":"max-snippet:-1","max-image-preview":"max-image-preview:large","max-video-preview":"max-video-preview:-1"},"canonical":"https:\/\/airrhh.com\/empresas\/","og_locale":"es_ES","og_type":"article","og_title":"Empresas | AIRrhh","og_url":"https:\/\/airrhh.com\/empresas\/","og_site_name":"AIRrhh","article_modified_time":"2024-10-22T23:43:59+00:00","twitter_card":"summary_large_image","schema":{"@context":"https:\/\/schema.org","@graph":[{"@type":"WebPage","@id":"https:\/\/airrhh.com\/empresas\/","url":"https:\/\/airrhh.com\/empresas\/","name":"Empresas | AIRrhh","isPartOf":{"@id":"https:\/\/airrhh.com\/#website"},"datePublished":"2022-12-18T19:56:02+00:00","dateModified":"2024-10-22T23:43:59+00:00","breadcrumb":{"@id":"https:\/\/airrhh.com\/empresas\/#breadcrumb"},"inLanguage":"es","potentialAction":[{"@type":"ReadAction","target":["https:\/\/airrhh.com\/empresas\/"]}]},{"@type":"BreadcrumbList","@id":"https:\/\/airrhh.com\/empresas\/#breadcrumb","itemListElement":[{"@type":"ListItem","position":1,"name":"Inicio","item":"https:\/\/airrhh.com\/"},{"@type":"ListItem","position":2,"name":"Empresas"}]},{"@type":"WebSite","@id":"https:\/\/airrhh.com\/#website","url":"https:\/\/airrhh.com\/","name":"AIRrhh","description":"Agencia Internacional de Recursos Humanos","potentialAction":[{"@type":"SearchAction","target":{"@type":"EntryPoint","urlTemplate":"https:\/\/airrhh.com\/?s={search_term_string}"},"query-input":"required name=search_term_string"}],"inLanguage":"es"}]}},"_links":{"self":[{"href":"https:\/\/airrhh.com\/es\/wp-json\/wp\/v2\/pages\/12"}],"collection":[{"href":"https:\/\/airrhh.com\/es\/wp-json\/wp\/v2\/pages"}],"about":[{"href":"https:\/\/airrhh.com\/es\/wp-json\/wp\/v2\/types\/page"}],"author":[{"embeddable":true,"href":"https:\/\/airrhh.com\/es\/wp-json\/wp\/v2\/users\/1"}],"replies":[{"embeddable":true,"href":"https:\/\/airrhh.com\/es\/wp-json\/wp\/v2\/comments?post=12"}],"version-history":[{"count":23,"href":"https:\/\/airrhh.com\/es\/wp-json\/wp\/v2\/pages\/12\/revisions"}],"predecessor-version":[{"id":335,"href":"https:\/\/airrhh.com\/es\/wp-json\/wp\/v2\/pages\/12\/revisions\/335"}],"wp:attachment":[{"href":"https:\/\/airrhh.com\/es\/wp-json\/wp\/v2\/media?parent=12"}],"curies":[{"name":"wp","href":"https:\/\/api.w.org\/{rel}","templated":true}]}}